{"id":48,"date":"2011-06-12T14:44:13","date_gmt":"2011-06-12T14:44:13","guid":{"rendered":"http:\/\/www.colourate.de\/?page_id=48"},"modified":"2023-01-28T20:35:07","modified_gmt":"2023-01-28T20:35:07","slug":"impressum","status":"publish","type":"page","link":"http:\/\/www.colourate.de\/?page_id=48","title":{"rendered":"Impressum"},"content":{"rendered":"<p>Verantwortlich f\u00fcr den Inhalt der Internetpr\u00e4senz:<\/p>\n<p>Design und Konzeption:<\/p>\n<p>Alexandra Mischke<br \/>\nBirkenstrasse 6<br \/>\n94469 Deggendorf<br \/>\nTelefonnummer: 0170-8621215<\/p>\n<p>E-Mail: alex@colourate.de<br \/>\nWebsite:www.colourate.de<br \/>\nCopyright<\/p>\n<p>Das Layout dieser Homepage, Texte, Bilder, Grafiken, und andere multimediale Dateien auf den Seiten sind urheberrechtlich gesch\u00fctzt. Die Vervielf\u00e4ltigung, Bearbeitung, Einspeicherung, Verarbeitung und Wiedergabe dieser Dateien und Inhalte in Datenbanken, jeglichen elektronischen Medien und Systemen, die ganz oder teilweise Verwendung in kommerziellen Medien finden, bedarf der ausdr\u00fccklichen Zustimmung. Die Zustimmung ist schriftlich zu beantragen und wird in Schriftform erteilt.<\/p>\n<p>Trotz sorgf\u00e4ltiger inhaltlicher Kontrolle \u00fcbernehme ich keine Haftung f\u00fcr die Inhalte externer Links. F\u00fcr den Inhalt der verlinkten Seiten sind ausschlie\u00dflich deren Betreiber verantwortlich.<\/p>\n","protected":false},"excerpt":{"rendered":"<p>Verantwortlich f\u00fcr den Inhalt der Internetpr\u00e4senz: Design und Konzeption: Alexandra Mischke Birkenstrasse 6 94469 Deggendorf Telefonnummer: 0170-8621215 E-Mail: alex@colourate.de Website:www.colourate.de Copyright Das Layout dieser Homepage, Texte, Bilder, Grafiken, und andere multimediale Dateien auf den Seiten sind urheberrechtlich gesch\u00fctzt. Die Vervielf\u00e4ltigung, Bearbeitung, Einspeicherung, Verarbeitung und Wiedergabe dieser Dateien und Inhalte in Datenbanken, jeglichen elektronischen Medien und [&hellip;]<\/p>\n","protected":false},"author":1,"featured_media":0,"parent":0,"menu_order":1,"comment_status":"closed","ping_status":"closed","template":"","meta":{"ngg_post_thumbnail":0},"_links":{"self":[{"href":"http:\/\/www.colourate.de\/index.php?rest_route=\/wp\/v2\/pages\/48"}],"collection":[{"href":"http:\/\/www.colourate.de\/index.php?rest_route=\/wp\/v2\/pages"}],"about":[{"href":"http:\/\/www.colourate.de\/index.php?rest_route=\/wp\/v2\/types\/page"}],"author":[{"embeddable":true,"href":"http:\/\/www.colourate.de\/index.php?rest_route=\/wp\/v2\/users\/1"}],"replies":[{"embeddable":true,"href":"http:\/\/www.colourate.de\/index.php?rest_route=%2Fwp%2Fv2%2Fcomments&post=48"}],"version-history":[{"count":6,"href":"http:\/\/www.colourate.de\/index.php?rest_route=\/wp\/v2\/pages\/48\/revisions"}],"predecessor-version":[{"id":821,"href":"http:\/\/www.colourate.de\/index.php?rest_route=\/wp\/v2\/pages\/48\/revisions\/821"}],"wp:attachment":[{"href":"http:\/\/www.colourate.de\/index.php?rest_route=%2Fwp%2Fv2%2Fmedia&parent=48"}],"curies":[{"name":"wp","href":"https:\/\/api.w.org\/{rel}","templated":true}]}}